{"id":13,"date":"2018-04-16T08:50:09","date_gmt":"2018-04-16T11:50:09","guid":{"rendered":"http:\/\/localhost\/base\/sitenovo\/?page_id=13"},"modified":"2022-09-22T11:55:17","modified_gmt":"2022-09-22T14:55:17","slug":"quem-somos","status":"publish","type":"page","link":"https:\/\/www.jobfindersrh.com.br\/site\/quem-somos\/","title":{"rendered":"Quem Somos"},"content":{"rendered":"\n<div class=\"col-xs-12 col-md-4 col-lg-4\">\n<h3>QUEM SOMOS<\/h3>\n<p>Especializada em gest\u00e3o de pessoas, a Job Finders RH oferece ao mercado uma consultoria empresarial diferenciada. Norteada por \u00e9tica, confian\u00e7a, responsabilidade com os resultados e focada, principalmente, nas necessidades de seus clientes, garante a contrata\u00e7\u00e3o de novos talentos para o seu neg\u00f3cio.\n<\/p>\n<\/div>\n\n\n\n<div class=\"col-xs-12 col-md-4 col-lg-4\">\n<h3>EQUIPE<\/h3>\n<p>Equipe de profissionais qualificados e especializados, com amplas experi\u00eancias em t\u00e9cnicas vivenciadas em empresas nacionais e multinacionais. A Job Finders RH tem seu trabalho pautado por princ\u00edpios \u00e9ticos, que valorizam a honestidade, integridade e a responsabilidade profissional.\n<\/p>\n<\/div>\n\n\n\n<div class=\"col-xs-12 col-md-4 col-lg-4\">\n<h3>EXPERTISE<\/h3>\n<p>A contrata\u00e7\u00e3o de profissionais qualificados parte de um perfil minucioso, predefinido pela empresa e acompanhado por nossa equipe com a m\u00e1xima excel\u00eancia e o mais absoluto sigilo, atraindo talentos e possibilitando a substitui\u00e7\u00e3o de colaboradores em todos os n\u00edveis de uma organiza\u00e7\u00e3o.\n<\/p>\n<\/div>\n\n\n\n<div class=\"col-xs-12 col-md-12 col-lg-12\" style=\"height: 60px;\">\n<\/div>\n\n\n\n<div class=\"col-xs-12 col-md-4 col-lg-4\">\n<img decoding=\"async\" src=\"\/site\/wp-content\/uploads\/2021\/10\/icone-missao.png\" class=\"img-responsive\" alt=\"\u00cdcone de miss\u00e3o\" style=\"margin-bottom: 25px; max-width: 60%;\">\n<h3>MISS\u00c3O<\/h3>\n<p>Atender aos clientes com qualidade e agilidade, colocando os profissionais certos, nos lugares certos.\n<\/p>\n<\/div>\n\n\n\n<div class=\"col-xs-12 col-md-4 col-lg-4\">\n<img decoding=\"async\" src=\"\/site\/wp-content\/uploads\/2021\/10\/icone-visao.png\" class=\"img-responsive\" alt=\"\u00cdcone de Vis\u00e3o\" style=\"margin-bottom: 25px; max-width: 60%;\">\n<h3>VIS\u00c3O<\/h3>\n<p>Ser inovadora e aprimorar continuamente as ferramentas estrat\u00e9gicas dos servi\u00e7os prestados, atuando com compet\u00eancia, transpar\u00eancia e foco no impulso crescente de nossos clientes.\n<\/p>\n<\/div>\n\n\n\n<div class=\"col-xs-12 col-md-4 col-lg-4\">\n<img decoding=\"async\" src=\"\/site\/wp-content\/uploads\/2021\/10\/icone-valores.png\" class=\"img-responsive\" alt=\"\u00cdcone de Valores\" style=\"margin-bottom: 25px; max-width: 60%;\">\n<h3>VALORES<\/h3>\n<p>\u00c9tica, confian\u00e7a, inclus\u00e3o social, compromisso, responsabilidade com resultados e respeitos nas rela\u00e7\u00f5es com os clientes e colaboradores.\n<\/p>\n<\/div>\n\n\n\n<p><\/p>\n","protected":false},"excerpt":{"rendered":"<p>QUEM SOMOS Especializada em gest\u00e3o de pessoas, a Job Finders RH oferece ao mercado uma consultoria empresarial diferenciada. Norteada por \u00e9tica, confian\u00e7a, responsabilidade com os resultados e focada, principalmente, nas necessidades de seus clientes, garante a contrata\u00e7\u00e3o de novos talentos &hellip; <a href=\"https:\/\/www.jobfindersrh.com.br\/site\/quem-somos\/\">Continua<\/a><\/p>\n","protected":false},"author":3,"featured_media":0,"parent":0,"menu_order":0,"comment_status":"closed","ping_status":"closed","template":"page-padrao.php","meta":{"footnotes":""},"acf":[],"yoast_head":"<!-- This site is optimized with the Yoast SEO plugin v22.2 - https:\/\/yoast.com\/wordpress\/plugins\/seo\/ -->\n<title>Quem Somos - Job Finders RH<\/title>\n<meta name=\"description\" content=\"Especializada em gest\u00e3o de pessoas, a Job Finders RH&amp;Promo oferece ao mercado uma consultoria empresarial diferenciada.\" \/>\n<meta name=\"robots\" content=\"index, follow, max-snippet:-1, max-image-preview:large, max-video-preview:-1\" \/>\n<link rel=\"canonical\" href=\"https:\/\/www.jobfindersrh.com.br\/site\/quem-somos\/\" \/>\n<meta property=\"og:locale\" content=\"pt_BR\" \/>\n<meta property=\"og:type\" content=\"article\" \/>\n<meta property=\"og:title\" content=\"Quem Somos - Job Finders RH\" \/>\n<meta property=\"og:description\" content=\"Especializada em gest\u00e3o de pessoas, a Job Finders RH&amp;Promo oferece ao mercado uma consultoria empresarial diferenciada.\" \/>\n<meta property=\"og:url\" content=\"https:\/\/www.jobfindersrh.com.br\/site\/quem-somos\/\" \/>\n<meta property=\"og:site_name\" content=\"Job Finders RH\" \/>\n<meta property=\"article:publisher\" content=\"https:\/\/www.facebook.com\/jobfindersrecursoshumanos\" \/>\n<meta property=\"article:modified_time\" content=\"2022-09-22T14:55:17+00:00\" \/>\n<meta property=\"og:image\" content=\"https:\/\/www.jobfindersrh.com.br\/site\/wp-content\/uploads\/2021\/12\/cover-facebook.jpg\" \/>\n\t<meta property=\"og:image:width\" content=\"1200\" \/>\n\t<meta property=\"og:image:height\" content=\"600\" \/>\n\t<meta property=\"og:image:type\" content=\"image\/jpeg\" \/>\n<meta name=\"twitter:card\" content=\"summary_large_image\" \/>\n<meta name=\"twitter:site\" content=\"@jobfindersrh2\" \/>\n<meta name=\"twitter:label1\" content=\"Est. tempo de leitura\" \/>\n\t<meta name=\"twitter:data1\" content=\"2 minutos\" \/>\n<script type=\"application\/ld+json\" class=\"yoast-schema-graph\">{\"@context\":\"https:\/\/schema.org\",\"@graph\":[{\"@type\":\"WebPage\",\"@id\":\"https:\/\/www.jobfindersrh.com.br\/site\/quem-somos\/\",\"url\":\"https:\/\/www.jobfindersrh.com.br\/site\/quem-somos\/\",\"name\":\"Quem Somos - Job Finders RH\",\"isPartOf\":{\"@id\":\"https:\/\/www.jobfindersrh.com.br\/site\/#website\"},\"datePublished\":\"2018-04-16T11:50:09+00:00\",\"dateModified\":\"2022-09-22T14:55:17+00:00\",\"description\":\"Especializada em gest\u00e3o de pessoas, a Job Finders RH&Promo oferece ao mercado uma consultoria empresarial diferenciada.\",\"breadcrumb\":{\"@id\":\"https:\/\/www.jobfindersrh.com.br\/site\/quem-somos\/#breadcrumb\"},\"inLanguage\":\"pt-BR\",\"potentialAction\":[{\"@type\":\"ReadAction\",\"target\":[\"https:\/\/www.jobfindersrh.com.br\/site\/quem-somos\/\"]}]},{\"@type\":\"BreadcrumbList\",\"@id\":\"https:\/\/www.jobfindersrh.com.br\/site\/quem-somos\/#breadcrumb\",\"itemListElement\":[{\"@type\":\"ListItem\",\"position\":1,\"name\":\"In\u00edcio\",\"item\":\"https:\/\/www.jobfindersrh.com.br\/site\/\"},{\"@type\":\"ListItem\",\"position\":2,\"name\":\"Quem Somos\"}]},{\"@type\":\"WebSite\",\"@id\":\"https:\/\/www.jobfindersrh.com.br\/site\/#website\",\"url\":\"https:\/\/www.jobfindersrh.com.br\/site\/\",\"name\":\"Job Finders RH\",\"description\":\"Recursos Humanos\",\"publisher\":{\"@id\":\"https:\/\/www.jobfindersrh.com.br\/site\/#organization\"},\"potentialAction\":[{\"@type\":\"SearchAction\",\"target\":{\"@type\":\"EntryPoint\",\"urlTemplate\":\"https:\/\/www.jobfindersrh.com.br\/site\/?s={search_term_string}\"},\"query-input\":\"required name=search_term_string\"}],\"inLanguage\":\"pt-BR\"},{\"@type\":\"Organization\",\"@id\":\"https:\/\/www.jobfindersrh.com.br\/site\/#organization\",\"name\":\"Job Finders RH\",\"url\":\"https:\/\/www.jobfindersrh.com.br\/site\/\",\"logo\":{\"@type\":\"ImageObject\",\"inLanguage\":\"pt-BR\",\"@id\":\"https:\/\/www.jobfindersrh.com.br\/site\/#\/schema\/logo\/image\/\",\"url\":\"http:\/\/www.jobfindersrh.com.br\/site\/wp-content\/uploads\/2021\/12\/banner-seo.jpg\",\"contentUrl\":\"http:\/\/www.jobfindersrh.com.br\/site\/wp-content\/uploads\/2021\/12\/banner-seo.jpg\",\"width\":300,\"height\":170,\"caption\":\"Job Finders RH\"},\"image\":{\"@id\":\"https:\/\/www.jobfindersrh.com.br\/site\/#\/schema\/logo\/image\/\"},\"sameAs\":[\"https:\/\/www.facebook.com\/jobfindersrecursoshumanos\",\"https:\/\/twitter.com\/jobfindersrh2\",\"https:\/\/www.instagram.com\/jobfindersrh\/\",\"https:\/\/www.linkedin.com\/company\/jobfinders-rh\",\"https:\/\/www.youtube.com\/channel\/UCt3eL9e-wg5lpizSRL6tYGA\"]}]}<\/script>\n<!-- \/ Yoast SEO plugin. -->","yoast_head_json":{"title":"Quem Somos - Job Finders RH","description":"Especializada em gest\u00e3o de pessoas, a Job Finders RH&Promo oferece ao mercado uma consultoria empresarial diferenciada.","robots":{"index":"index","follow":"follow","max-snippet":"max-snippet:-1","max-image-preview":"max-image-preview:large","max-video-preview":"max-video-preview:-1"},"canonical":"https:\/\/www.jobfindersrh.com.br\/site\/quem-somos\/","og_locale":"pt_BR","og_type":"article","og_title":"Quem Somos - Job Finders RH","og_description":"Especializada em gest\u00e3o de pessoas, a Job Finders RH&Promo oferece ao mercado uma consultoria empresarial diferenciada.","og_url":"https:\/\/www.jobfindersrh.com.br\/site\/quem-somos\/","og_site_name":"Job Finders RH","article_publisher":"https:\/\/www.facebook.com\/jobfindersrecursoshumanos","article_modified_time":"2022-09-22T14:55:17+00:00","og_image":[{"width":1200,"height":600,"url":"https:\/\/www.jobfindersrh.com.br\/site\/wp-content\/uploads\/2021\/12\/cover-facebook.jpg","type":"image\/jpeg"}],"twitter_card":"summary_large_image","twitter_site":"@jobfindersrh2","twitter_misc":{"Est. tempo de leitura":"2 minutos"},"schema":{"@context":"https:\/\/schema.org","@graph":[{"@type":"WebPage","@id":"https:\/\/www.jobfindersrh.com.br\/site\/quem-somos\/","url":"https:\/\/www.jobfindersrh.com.br\/site\/quem-somos\/","name":"Quem Somos - Job Finders RH","isPartOf":{"@id":"https:\/\/www.jobfindersrh.com.br\/site\/#website"},"datePublished":"2018-04-16T11:50:09+00:00","dateModified":"2022-09-22T14:55:17+00:00","description":"Especializada em gest\u00e3o de pessoas, a Job Finders RH&Promo oferece ao mercado uma consultoria empresarial diferenciada.","breadcrumb":{"@id":"https:\/\/www.jobfindersrh.com.br\/site\/quem-somos\/#breadcrumb"},"inLanguage":"pt-BR","potentialAction":[{"@type":"ReadAction","target":["https:\/\/www.jobfindersrh.com.br\/site\/quem-somos\/"]}]},{"@type":"BreadcrumbList","@id":"https:\/\/www.jobfindersrh.com.br\/site\/quem-somos\/#breadcrumb","itemListElement":[{"@type":"ListItem","position":1,"name":"In\u00edcio","item":"https:\/\/www.jobfindersrh.com.br\/site\/"},{"@type":"ListItem","position":2,"name":"Quem Somos"}]},{"@type":"WebSite","@id":"https:\/\/www.jobfindersrh.com.br\/site\/#website","url":"https:\/\/www.jobfindersrh.com.br\/site\/","name":"Job Finders RH","description":"Recursos Humanos","publisher":{"@id":"https:\/\/www.jobfindersrh.com.br\/site\/#organization"},"potentialAction":[{"@type":"SearchAction","target":{"@type":"EntryPoint","urlTemplate":"https:\/\/www.jobfindersrh.com.br\/site\/?s={search_term_string}"},"query-input":"required name=search_term_string"}],"inLanguage":"pt-BR"},{"@type":"Organization","@id":"https:\/\/www.jobfindersrh.com.br\/site\/#organization","name":"Job Finders RH","url":"https:\/\/www.jobfindersrh.com.br\/site\/","logo":{"@type":"ImageObject","inLanguage":"pt-BR","@id":"https:\/\/www.jobfindersrh.com.br\/site\/#\/schema\/logo\/image\/","url":"http:\/\/www.jobfindersrh.com.br\/site\/wp-content\/uploads\/2021\/12\/banner-seo.jpg","contentUrl":"http:\/\/www.jobfindersrh.com.br\/site\/wp-content\/uploads\/2021\/12\/banner-seo.jpg","width":300,"height":170,"caption":"Job Finders RH"},"image":{"@id":"https:\/\/www.jobfindersrh.com.br\/site\/#\/schema\/logo\/image\/"},"sameAs":["https:\/\/www.facebook.com\/jobfindersrecursoshumanos","https:\/\/twitter.com\/jobfindersrh2","https:\/\/www.instagram.com\/jobfindersrh\/","https:\/\/www.linkedin.com\/company\/jobfinders-rh","https:\/\/www.youtube.com\/channel\/UCt3eL9e-wg5lpizSRL6tYGA"]}]}},"_links":{"self":[{"href":"https:\/\/www.jobfindersrh.com.br\/site\/wp-json\/wp\/v2\/pages\/13"}],"collection":[{"href":"https:\/\/www.jobfindersrh.com.br\/site\/wp-json\/wp\/v2\/pages"}],"about":[{"href":"https:\/\/www.jobfindersrh.com.br\/site\/wp-json\/wp\/v2\/types\/page"}],"author":[{"embeddable":true,"href":"https:\/\/www.jobfindersrh.com.br\/site\/wp-json\/wp\/v2\/users\/3"}],"replies":[{"embeddable":true,"href":"https:\/\/www.jobfindersrh.com.br\/site\/wp-json\/wp\/v2\/comments?post=13"}],"version-history":[{"count":19,"href":"https:\/\/www.jobfindersrh.com.br\/site\/wp-json\/wp\/v2\/pages\/13\/revisions"}],"predecessor-version":[{"id":3431,"href":"https:\/\/www.jobfindersrh.com.br\/site\/wp-json\/wp\/v2\/pages\/13\/revisions\/3431"}],"wp:attachment":[{"href":"https:\/\/www.jobfindersrh.com.br\/site\/wp-json\/wp\/v2\/media?parent=13"}],"curies":[{"name":"wp","href":"https:\/\/api.w.org\/{rel}","templated":true}]}}