{"id":20,"date":"2018-04-16T09:10:58","date_gmt":"2018-04-16T12:10:58","guid":{"rendered":"http:\/\/localhost\/base\/sitenovo\/home\/"},"modified":"2022-09-22T11:51:11","modified_gmt":"2022-09-22T14:51:11","slug":"home","status":"publish","type":"page","link":"https:\/\/www.jobfindersrh.com.br\/site\/","title":{"rendered":"Home"},"content":{"rendered":"<p>Especializada na gest\u00e3o de pessoas a Job Finders RH presta consultoria empresarial diferenciada, com foco principal nas necessidades de seus clientes, garantindo a contrata\u00e7\u00e3o de novos talentos para o seu neg\u00f3cio. Com ampla experi\u00eancia em modernas t\u00e9cnicas vivenciadas em empresas nacionais e multinacionais a Job Finders RH tem seu trabalho pautado por princ\u00edpios \u00e9ticos, que valorizam a honestidade, a integridade e a responsabilidade profissional.<\/p>\n","protected":false},"excerpt":{"rendered":"<p>Especializada na gest\u00e3o de pessoas a Job Finders RH presta consultoria empresarial diferenciada, com foco principal nas necessidades de seus clientes, garantindo a contrata\u00e7\u00e3o de novos talentos para o seu neg\u00f3cio. Com ampla experi\u00eancia em modernas t\u00e9cnicas vivenciadas em empresas &hellip; <a href=\"https:\/\/www.jobfindersrh.com.br\/site\/\">Continua<\/a><\/p>\n","protected":false},"author":3,"featured_media":0,"parent":0,"menu_order":-1,"comment_status":"closed","ping_status":"closed","template":"page-home.php","meta":{"footnotes":""},"acf":[],"yoast_head":"<!-- This site is optimized with the Yoast SEO plugin v22.2 - https:\/\/yoast.com\/wordpress\/plugins\/seo\/ -->\n<title>Home - Job Finders RH<\/title>\n<meta name=\"robots\" content=\"index, follow, max-snippet:-1, max-image-preview:large, max-video-preview:-1\" \/>\n<link rel=\"canonical\" href=\"https:\/\/www.jobfindersrh.com.br\/site\/\" \/>\n<meta property=\"og:locale\" content=\"pt_BR\" \/>\n<meta property=\"og:type\" content=\"article\" \/>\n<meta property=\"og:title\" content=\"Home - Job Finders RH\" \/>\n<meta property=\"og:description\" content=\"Especializada na gest\u00e3o de pessoas a Job Finders RH presta consultoria empresarial diferenciada, com foco principal nas necessidades de seus clientes, garantindo a contrata\u00e7\u00e3o de novos talentos para o seu neg\u00f3cio. Com ampla experi\u00eancia em modernas t\u00e9cnicas vivenciadas em empresas &hellip; Continua\" \/>\n<meta property=\"og:url\" content=\"https:\/\/www.jobfindersrh.com.br\/site\/\" \/>\n<meta property=\"og:site_name\" content=\"Job Finders RH\" \/>\n<meta property=\"article:publisher\" content=\"https:\/\/www.facebook.com\/jobfindersrecursoshumanos\" \/>\n<meta property=\"article:modified_time\" content=\"2022-09-22T14:51:11+00:00\" \/>\n<meta property=\"og:image\" content=\"https:\/\/www.jobfindersrh.com.br\/site\/wp-content\/uploads\/2021\/12\/cover-facebook.jpg\" \/>\n\t<meta property=\"og:image:width\" content=\"1200\" \/>\n\t<meta property=\"og:image:height\" content=\"600\" \/>\n\t<meta property=\"og:image:type\" content=\"image\/jpeg\" \/>\n<meta name=\"twitter:card\" content=\"summary_large_image\" \/>\n<meta name=\"twitter:site\" content=\"@jobfindersrh2\" \/>\n<meta name=\"twitter:label1\" content=\"Est. tempo de leitura\" \/>\n\t<meta name=\"twitter:data1\" content=\"1 minuto\" \/>\n<script type=\"application\/ld+json\" class=\"yoast-schema-graph\">{\"@context\":\"https:\/\/schema.org\",\"@graph\":[{\"@type\":\"WebPage\",\"@id\":\"https:\/\/www.jobfindersrh.com.br\/site\/\",\"url\":\"https:\/\/www.jobfindersrh.com.br\/site\/\",\"name\":\"Home - Job Finders RH\",\"isPartOf\":{\"@id\":\"https:\/\/www.jobfindersrh.com.br\/site\/#website\"},\"datePublished\":\"2018-04-16T12:10:58+00:00\",\"dateModified\":\"2022-09-22T14:51:11+00:00\",\"breadcrumb\":{\"@id\":\"https:\/\/www.jobfindersrh.com.br\/site\/#breadcrumb\"},\"inLanguage\":\"pt-BR\",\"potentialAction\":[{\"@type\":\"ReadAction\",\"target\":[\"https:\/\/www.jobfindersrh.com.br\/site\/\"]}]},{\"@type\":\"BreadcrumbList\",\"@id\":\"https:\/\/www.jobfindersrh.com.br\/site\/#breadcrumb\",\"itemListElement\":[{\"@type\":\"ListItem\",\"position\":1,\"name\":\"In\u00edcio\",\"item\":\"https:\/\/www.jobfindersrh.com.br\/site\/\"},{\"@type\":\"ListItem\",\"position\":2,\"name\":\"Home\"}]},{\"@type\":\"WebSite\",\"@id\":\"https:\/\/www.jobfindersrh.com.br\/site\/#website\",\"url\":\"https:\/\/www.jobfindersrh.com.br\/site\/\",\"name\":\"Job Finders RH\",\"description\":\"Recursos Humanos\",\"publisher\":{\"@id\":\"https:\/\/www.jobfindersrh.com.br\/site\/#organization\"},\"potentialAction\":[{\"@type\":\"SearchAction\",\"target\":{\"@type\":\"EntryPoint\",\"urlTemplate\":\"https:\/\/www.jobfindersrh.com.br\/site\/?s={search_term_string}\"},\"query-input\":\"required name=search_term_string\"}],\"inLanguage\":\"pt-BR\"},{\"@type\":\"Organization\",\"@id\":\"https:\/\/www.jobfindersrh.com.br\/site\/#organization\",\"name\":\"Job Finders RH\",\"url\":\"https:\/\/www.jobfindersrh.com.br\/site\/\",\"logo\":{\"@type\":\"ImageObject\",\"inLanguage\":\"pt-BR\",\"@id\":\"https:\/\/www.jobfindersrh.com.br\/site\/#\/schema\/logo\/image\/\",\"url\":\"http:\/\/www.jobfindersrh.com.br\/site\/wp-content\/uploads\/2021\/12\/banner-seo.jpg\",\"contentUrl\":\"http:\/\/www.jobfindersrh.com.br\/site\/wp-content\/uploads\/2021\/12\/banner-seo.jpg\",\"width\":300,\"height\":170,\"caption\":\"Job Finders RH\"},\"image\":{\"@id\":\"https:\/\/www.jobfindersrh.com.br\/site\/#\/schema\/logo\/image\/\"},\"sameAs\":[\"https:\/\/www.facebook.com\/jobfindersrecursoshumanos\",\"https:\/\/twitter.com\/jobfindersrh2\",\"https:\/\/www.instagram.com\/jobfindersrh\/\",\"https:\/\/www.linkedin.com\/company\/jobfinders-rh\",\"https:\/\/www.youtube.com\/channel\/UCt3eL9e-wg5lpizSRL6tYGA\"]}]}<\/script>\n<!-- \/ Yoast SEO plugin. -->","yoast_head_json":{"title":"Home - Job Finders RH","robots":{"index":"index","follow":"follow","max-snippet":"max-snippet:-1","max-image-preview":"max-image-preview:large","max-video-preview":"max-video-preview:-1"},"canonical":"https:\/\/www.jobfindersrh.com.br\/site\/","og_locale":"pt_BR","og_type":"article","og_title":"Home - Job Finders RH","og_description":"Especializada na gest\u00e3o de pessoas a Job Finders RH presta consultoria empresarial diferenciada, com foco principal nas necessidades de seus clientes, garantindo a contrata\u00e7\u00e3o de novos talentos para o seu neg\u00f3cio. Com ampla experi\u00eancia em modernas t\u00e9cnicas vivenciadas em empresas &hellip; Continua","og_url":"https:\/\/www.jobfindersrh.com.br\/site\/","og_site_name":"Job Finders RH","article_publisher":"https:\/\/www.facebook.com\/jobfindersrecursoshumanos","article_modified_time":"2022-09-22T14:51:11+00:00","og_image":[{"width":1200,"height":600,"url":"https:\/\/www.jobfindersrh.com.br\/site\/wp-content\/uploads\/2021\/12\/cover-facebook.jpg","type":"image\/jpeg"}],"twitter_card":"summary_large_image","twitter_site":"@jobfindersrh2","twitter_misc":{"Est. tempo de leitura":"1 minuto"},"schema":{"@context":"https:\/\/schema.org","@graph":[{"@type":"WebPage","@id":"https:\/\/www.jobfindersrh.com.br\/site\/","url":"https:\/\/www.jobfindersrh.com.br\/site\/","name":"Home - Job Finders RH","isPartOf":{"@id":"https:\/\/www.jobfindersrh.com.br\/site\/#website"},"datePublished":"2018-04-16T12:10:58+00:00","dateModified":"2022-09-22T14:51:11+00:00","breadcrumb":{"@id":"https:\/\/www.jobfindersrh.com.br\/site\/#breadcrumb"},"inLanguage":"pt-BR","potentialAction":[{"@type":"ReadAction","target":["https:\/\/www.jobfindersrh.com.br\/site\/"]}]},{"@type":"BreadcrumbList","@id":"https:\/\/www.jobfindersrh.com.br\/site\/#breadcrumb","itemListElement":[{"@type":"ListItem","position":1,"name":"In\u00edcio","item":"https:\/\/www.jobfindersrh.com.br\/site\/"},{"@type":"ListItem","position":2,"name":"Home"}]},{"@type":"WebSite","@id":"https:\/\/www.jobfindersrh.com.br\/site\/#website","url":"https:\/\/www.jobfindersrh.com.br\/site\/","name":"Job Finders RH","description":"Recursos Humanos","publisher":{"@id":"https:\/\/www.jobfindersrh.com.br\/site\/#organization"},"potentialAction":[{"@type":"SearchAction","target":{"@type":"EntryPoint","urlTemplate":"https:\/\/www.jobfindersrh.com.br\/site\/?s={search_term_string}"},"query-input":"required name=search_term_string"}],"inLanguage":"pt-BR"},{"@type":"Organization","@id":"https:\/\/www.jobfindersrh.com.br\/site\/#organization","name":"Job Finders RH","url":"https:\/\/www.jobfindersrh.com.br\/site\/","logo":{"@type":"ImageObject","inLanguage":"pt-BR","@id":"https:\/\/www.jobfindersrh.com.br\/site\/#\/schema\/logo\/image\/","url":"http:\/\/www.jobfindersrh.com.br\/site\/wp-content\/uploads\/2021\/12\/banner-seo.jpg","contentUrl":"http:\/\/www.jobfindersrh.com.br\/site\/wp-content\/uploads\/2021\/12\/banner-seo.jpg","width":300,"height":170,"caption":"Job Finders RH"},"image":{"@id":"https:\/\/www.jobfindersrh.com.br\/site\/#\/schema\/logo\/image\/"},"sameAs":["https:\/\/www.facebook.com\/jobfindersrecursoshumanos","https:\/\/twitter.com\/jobfindersrh2","https:\/\/www.instagram.com\/jobfindersrh\/","https:\/\/www.linkedin.com\/company\/jobfinders-rh","https:\/\/www.youtube.com\/channel\/UCt3eL9e-wg5lpizSRL6tYGA"]}]}},"_links":{"self":[{"href":"https:\/\/www.jobfindersrh.com.br\/site\/wp-json\/wp\/v2\/pages\/20"}],"collection":[{"href":"https:\/\/www.jobfindersrh.com.br\/site\/wp-json\/wp\/v2\/pages"}],"about":[{"href":"https:\/\/www.jobfindersrh.com.br\/site\/wp-json\/wp\/v2\/types\/page"}],"author":[{"embeddable":true,"href":"https:\/\/www.jobfindersrh.com.br\/site\/wp-json\/wp\/v2\/users\/3"}],"replies":[{"embeddable":true,"href":"https:\/\/www.jobfindersrh.com.br\/site\/wp-json\/wp\/v2\/comments?post=20"}],"version-history":[{"count":16,"href":"https:\/\/www.jobfindersrh.com.br\/site\/wp-json\/wp\/v2\/pages\/20\/revisions"}],"predecessor-version":[{"id":3426,"href":"https:\/\/www.jobfindersrh.com.br\/site\/wp-json\/wp\/v2\/pages\/20\/revisions\/3426"}],"wp:attachment":[{"href":"https:\/\/www.jobfindersrh.com.br\/site\/wp-json\/wp\/v2\/media?parent=20"}],"curies":[{"name":"wp","href":"https:\/\/api.w.org\/{rel}","templated":true}]}}